{"id":22,"date":"2020-11-09T10:30:19","date_gmt":"2020-11-09T10:30:19","guid":{"rendered":"http:\/\/hotel-real-oeiras.ms.decms.eu\/?page_id=22"},"modified":"2026-04-24T16:03:47","modified_gmt":"2026-04-24T16:03:47","slug":"homepage","status":"publish","type":"page","link":"https:\/\/www.realoeiras.realhotelsgroup.com\/pt-pt\/","title":{"rendered":"Hotel Real Oeiras"},"content":{"rendered":"<p>O <strong>Hotel Real Oeiras<\/strong> \u00e9 um<strong> hotel 4 estrelas<\/strong> com uma localiza\u00e7\u00e3o privilegiada na <strong>Costa do Estoril<\/strong>, entre <strong>Lisboa<\/strong>, <strong>Oeiras<\/strong> e <strong>Cascais<\/strong>, perto<strong> dos parques empresariais da Quinta da Fonte, Tagus Park e Lagoas Park<\/strong>.<\/p>\n<p>O hotel est\u00e1 localizado a 25 km do <strong>Aeroporto de Lisboa<\/strong> e a 20 km da<strong> Baixa de Lisboa<\/strong>, a 20 km de <strong>Cascais<\/strong> e a 22 km da <strong>Serra de Sintra<\/strong> que \u00e9 Patrim\u00f3nio Mundial da UNESCO. Pr\u00f3ximo dos mais prestigiados<strong> campos de golfe<\/strong> da regi\u00e3o de Lisboa, Cascais ou Oeiras, com <strong>piscina exterior<\/strong> e<strong> health club<\/strong>, este hotel \u00e9 a op\u00e7\u00e3o ideal para a sua<strong> estadia de neg\u00f3cios ou de lazer com a sua fam\u00edlia<\/strong>.<\/p>\n","protected":false},"excerpt":{"rendered":"<p>O Hotel Real Oeiras \u00e9 um hotel 4 estrelas com uma localiza\u00e7\u00e3o privilegiada na Costa do Estoril, entre Lisboa, Oeiras e Cascais, perto dos parques empresariais da Quinta da Fonte, Tagus Park e Lagoas Park. O hotel est\u00e1 localizado a 25 km do Aeroporto de Lisboa e a 20 km da Baixa de Lisboa, a [&hellip;]<\/p>\n","protected":false},"author":17,"featured_media":0,"parent":0,"menu_order":10,"comment_status":"closed","ping_status":"open","template":"","meta":{"footnotes":""},"class_list":["post-22","page","type-page","status-publish","hentry"],"yoast_head":"<!-- This site is optimized with the Yoast SEO plugin v26.9 - https:\/\/yoast.com\/product\/yoast-seo-wordpress\/ -->\n<title>Hotel Real Oeiras - Hotel Real Oeiras<\/title>\n<meta name=\"robots\" content=\"index, follow, max-snippet:-1, max-image-preview:large, max-video-preview:-1\" \/>\n<link rel=\"canonical\" href=\"https:\/\/www.realoeiras.realhotelsgroup.com\/pt-pt\/\" \/>\n<meta property=\"og:locale\" content=\"pt_PT\" \/>\n<meta property=\"og:type\" content=\"article\" \/>\n<meta property=\"og:title\" content=\"Hotel Real Oeiras - Hotel Real Oeiras\" \/>\n<meta property=\"og:description\" content=\"O Hotel Real Oeiras \u00e9 um hotel 4 estrelas com uma localiza\u00e7\u00e3o privilegiada na Costa do Estoril, entre Lisboa, Oeiras e Cascais, perto dos parques empresariais da Quinta da Fonte, Tagus Park e Lagoas Park. O hotel est\u00e1 localizado a 25 km do Aeroporto de Lisboa e a 20 km da Baixa de Lisboa, a [&hellip;]\" \/>\n<meta property=\"og:url\" content=\"https:\/\/www.realoeiras.realhotelsgroup.com\/pt-pt\/\" \/>\n<meta property=\"og:site_name\" content=\"Hotel Real Oeiras\" \/>\n<meta property=\"article:modified_time\" content=\"2026-04-24T16:03:47+00:00\" \/>\n<meta name=\"twitter:card\" content=\"summary_large_image\" \/>\n<meta name=\"twitter:label1\" content=\"Tempo estimado de leitura\" \/>\n\t<meta name=\"twitter:data1\" content=\"1 minuto\" \/>\n<script type=\"application\/ld+json\" class=\"yoast-schema-graph\">{\"@context\":\"https:\/\/schema.org\",\"@graph\":[{\"@type\":\"WebPage\",\"@id\":\"https:\/\/www.realoeiras.realhotelsgroup.com\/pt-pt\/\",\"url\":\"https:\/\/www.realoeiras.realhotelsgroup.com\/pt-pt\/\",\"name\":\"Hotel Real Oeiras - Hotel Real Oeiras\",\"isPartOf\":{\"@id\":\"https:\/\/www.realoeiras.realhotelsgroup.com\/pt-pt\/#website\"},\"datePublished\":\"2020-11-09T10:30:19+00:00\",\"dateModified\":\"2026-04-24T16:03:47+00:00\",\"breadcrumb\":{\"@id\":\"https:\/\/www.realoeiras.realhotelsgroup.com\/pt-pt\/#breadcrumb\"},\"inLanguage\":\"pt-PT\",\"potentialAction\":[{\"@type\":\"ReadAction\",\"target\":[\"https:\/\/www.realoeiras.realhotelsgroup.com\/pt-pt\/\"]}]},{\"@type\":\"BreadcrumbList\",\"@id\":\"https:\/\/www.realoeiras.realhotelsgroup.com\/pt-pt\/#breadcrumb\",\"itemListElement\":[{\"@type\":\"ListItem\",\"position\":1,\"name\":\"Home\",\"item\":\"https:\/\/www.realoeiras.realhotelsgroup.com\/pt-pt\/\"},{\"@type\":\"ListItem\",\"position\":2,\"name\":\"Hotel Real Oeiras\"}]},{\"@type\":\"WebSite\",\"@id\":\"https:\/\/www.realoeiras.realhotelsgroup.com\/pt-pt\/#website\",\"url\":\"https:\/\/www.realoeiras.realhotelsgroup.com\/pt-pt\/\",\"name\":\"Hotel Real Oeiras\",\"description\":\"Just another ms.decms.eu site\",\"potentialAction\":[{\"@type\":\"SearchAction\",\"target\":{\"@type\":\"EntryPoint\",\"urlTemplate\":\"https:\/\/www.realoeiras.realhotelsgroup.com\/pt-pt\/?s={search_term_string}\"},\"query-input\":{\"@type\":\"PropertyValueSpecification\",\"valueRequired\":true,\"valueName\":\"search_term_string\"}}],\"inLanguage\":\"pt-PT\"}]}<\/script>\n<!-- \/ Yoast SEO plugin. -->","yoast_head_json":{"title":"Hotel Real Oeiras - Hotel Real Oeiras","robots":{"index":"index","follow":"follow","max-snippet":"max-snippet:-1","max-image-preview":"max-image-preview:large","max-video-preview":"max-video-preview:-1"},"canonical":"https:\/\/www.realoeiras.realhotelsgroup.com\/pt-pt\/","og_locale":"pt_PT","og_type":"article","og_title":"Hotel Real Oeiras - Hotel Real Oeiras","og_description":"O Hotel Real Oeiras \u00e9 um hotel 4 estrelas com uma localiza\u00e7\u00e3o privilegiada na Costa do Estoril, entre Lisboa, Oeiras e Cascais, perto dos parques empresariais da Quinta da Fonte, Tagus Park e Lagoas Park. O hotel est\u00e1 localizado a 25 km do Aeroporto de Lisboa e a 20 km da Baixa de Lisboa, a [&hellip;]","og_url":"https:\/\/www.realoeiras.realhotelsgroup.com\/pt-pt\/","og_site_name":"Hotel Real Oeiras","article_modified_time":"2026-04-24T16:03:47+00:00","twitter_card":"summary_large_image","twitter_misc":{"Tempo estimado de leitura":"1 minuto"},"schema":{"@context":"https:\/\/schema.org","@graph":[{"@type":"WebPage","@id":"https:\/\/www.realoeiras.realhotelsgroup.com\/pt-pt\/","url":"https:\/\/www.realoeiras.realhotelsgroup.com\/pt-pt\/","name":"Hotel Real Oeiras - Hotel Real Oeiras","isPartOf":{"@id":"https:\/\/www.realoeiras.realhotelsgroup.com\/pt-pt\/#website"},"datePublished":"2020-11-09T10:30:19+00:00","dateModified":"2026-04-24T16:03:47+00:00","breadcrumb":{"@id":"https:\/\/www.realoeiras.realhotelsgroup.com\/pt-pt\/#breadcrumb"},"inLanguage":"pt-PT","potentialAction":[{"@type":"ReadAction","target":["https:\/\/www.realoeiras.realhotelsgroup.com\/pt-pt\/"]}]},{"@type":"BreadcrumbList","@id":"https:\/\/www.realoeiras.realhotelsgroup.com\/pt-pt\/#breadcrumb","itemListElement":[{"@type":"ListItem","position":1,"name":"Home","item":"https:\/\/www.realoeiras.realhotelsgroup.com\/pt-pt\/"},{"@type":"ListItem","position":2,"name":"Hotel Real Oeiras"}]},{"@type":"WebSite","@id":"https:\/\/www.realoeiras.realhotelsgroup.com\/pt-pt\/#website","url":"https:\/\/www.realoeiras.realhotelsgroup.com\/pt-pt\/","name":"Hotel Real Oeiras","description":"Just another ms.decms.eu site","potentialAction":[{"@type":"SearchAction","target":{"@type":"EntryPoint","urlTemplate":"https:\/\/www.realoeiras.realhotelsgroup.com\/pt-pt\/?s={search_term_string}"},"query-input":{"@type":"PropertyValueSpecification","valueRequired":true,"valueName":"search_term_string"}}],"inLanguage":"pt-PT"}]}},"acf":[],"_links":{"self":[{"href":"https:\/\/www.realoeiras.realhotelsgroup.com\/pt-pt\/wp-json\/wp\/v2\/pages\/22","targetHints":{"allow":["GET"]}}],"collection":[{"href":"https:\/\/www.realoeiras.realhotelsgroup.com\/pt-pt\/wp-json\/wp\/v2\/pages"}],"about":[{"href":"https:\/\/www.realoeiras.realhotelsgroup.com\/pt-pt\/wp-json\/wp\/v2\/types\/page"}],"author":[{"embeddable":true,"href":"https:\/\/www.realoeiras.realhotelsgroup.com\/pt-pt\/wp-json\/wp\/v2\/users\/17"}],"replies":[{"embeddable":true,"href":"https:\/\/www.realoeiras.realhotelsgroup.com\/pt-pt\/wp-json\/wp\/v2\/comments?post=22"}],"version-history":[{"count":0,"href":"https:\/\/www.realoeiras.realhotelsgroup.com\/pt-pt\/wp-json\/wp\/v2\/pages\/22\/revisions"}],"wp:attachment":[{"href":"https:\/\/www.realoeiras.realhotelsgroup.com\/pt-pt\/wp-json\/wp\/v2\/media?parent=22"}],"curies":[{"name":"wp","href":"https:\/\/api.w.org\/{rel}","templated":true}]}}