{"id":69,"date":"2020-11-10T10:35:28","date_gmt":"2020-11-10T10:35:28","guid":{"rendered":"http:\/\/hotel-real-oeiras.ms.decms.eu\/?page_id=69"},"modified":"2021-08-31T11:10:00","modified_gmt":"2021-08-31T11:10:00","slug":"quartos-e-suites","status":"publish","type":"page","link":"https:\/\/www.realoeiras.realhotelsgroup.com\/pt-pt\/quartos-e-suites\/","title":{"rendered":"Quartos e Suites"},"content":{"rendered":"<p>O <strong>Hotel Real Oeiras<\/strong> disp\u00f5e de <strong>97 quartos 3 suites<\/strong> confort\u00e1veis e espa\u00e7osos que lhe oferecem privacidade e seguran\u00e7a.<\/p>\n<p>Com um ambiente descontra\u00eddo e acolhedor, todos os quartos est\u00e3o equipados com <strong>ar condicionado, wi-fi gratuita, TV por cabo<\/strong> e uma secret\u00e1ria para poder trabalhar confortavelmente.<\/p>\n<p>Estes quartos re\u00fanem todas as condi\u00e7\u00f5es para lhe proporcionar uma estadia \u00fanica com conforto e bem-estar.<\/p>\n","protected":false},"excerpt":{"rendered":"<p>O Hotel Real Oeiras disp\u00f5e de 97 quartos 3 suites confort\u00e1veis e espa\u00e7osos que lhe oferecem privacidade e seguran\u00e7a. Com um ambiente descontra\u00eddo e acolhedor, todos os quartos est\u00e3o equipados com ar condicionado, wi-fi gratuita, TV por cabo e uma secret\u00e1ria para poder trabalhar confortavelmente. Estes quartos re\u00fanem todas as condi\u00e7\u00f5es para lhe proporcionar uma [&hellip;]<\/p>\n","protected":false},"author":36,"featured_media":0,"parent":0,"menu_order":20,"comment_status":"closed","ping_status":"closed","template":"template-rooms.php","meta":{"footnotes":""},"class_list":["post-69","page","type-page","status-publish","hentry"],"yoast_head":"<!-- This site is optimized with the Yoast SEO plugin v26.9 - https:\/\/yoast.com\/product\/yoast-seo-wordpress\/ -->\n<title>Quartos e Suites - Hotel Real Oeiras<\/title>\n<meta name=\"robots\" content=\"index, follow, max-snippet:-1, max-image-preview:large, max-video-preview:-1\" \/>\n<link rel=\"canonical\" href=\"https:\/\/www.realoeiras.realhotelsgroup.com\/pt-pt\/quartos-e-suites\/\" \/>\n<meta property=\"og:locale\" content=\"pt_PT\" \/>\n<meta property=\"og:type\" content=\"article\" \/>\n<meta property=\"og:title\" content=\"Quartos e Suites - Hotel Real Oeiras\" \/>\n<meta property=\"og:description\" content=\"O Hotel Real Oeiras disp\u00f5e de 97 quartos 3 suites confort\u00e1veis e espa\u00e7osos que lhe oferecem privacidade e seguran\u00e7a. Com um ambiente descontra\u00eddo e acolhedor, todos os quartos est\u00e3o equipados com ar condicionado, wi-fi gratuita, TV por cabo e uma secret\u00e1ria para poder trabalhar confortavelmente. Estes quartos re\u00fanem todas as condi\u00e7\u00f5es para lhe proporcionar uma [&hellip;]\" \/>\n<meta property=\"og:url\" content=\"https:\/\/www.realoeiras.realhotelsgroup.com\/pt-pt\/quartos-e-suites\/\" \/>\n<meta property=\"og:site_name\" content=\"Hotel Real Oeiras\" \/>\n<meta property=\"article:modified_time\" content=\"2021-08-31T11:10:00+00:00\" \/>\n<meta name=\"twitter:card\" content=\"summary_large_image\" \/>\n<script type=\"application\/ld+json\" class=\"yoast-schema-graph\">{\"@context\":\"https:\/\/schema.org\",\"@graph\":[{\"@type\":\"WebPage\",\"@id\":\"https:\/\/www.realoeiras.realhotelsgroup.com\/pt-pt\/quartos-e-suites\/\",\"url\":\"https:\/\/www.realoeiras.realhotelsgroup.com\/pt-pt\/quartos-e-suites\/\",\"name\":\"Quartos e Suites - Hotel Real Oeiras\",\"isPartOf\":{\"@id\":\"https:\/\/www.realoeiras.realhotelsgroup.com\/pt-pt\/#website\"},\"datePublished\":\"2020-11-10T10:35:28+00:00\",\"dateModified\":\"2021-08-31T11:10:00+00:00\",\"breadcrumb\":{\"@id\":\"https:\/\/www.realoeiras.realhotelsgroup.com\/pt-pt\/quartos-e-suites\/#breadcrumb\"},\"inLanguage\":\"pt-PT\",\"potentialAction\":[{\"@type\":\"ReadAction\",\"target\":[\"https:\/\/www.realoeiras.realhotelsgroup.com\/pt-pt\/quartos-e-suites\/\"]}]},{\"@type\":\"BreadcrumbList\",\"@id\":\"https:\/\/www.realoeiras.realhotelsgroup.com\/pt-pt\/quartos-e-suites\/#breadcrumb\",\"itemListElement\":[{\"@type\":\"ListItem\",\"position\":1,\"name\":\"Home\",\"item\":\"https:\/\/www.realoeiras.realhotelsgroup.com\/pt-pt\/\"},{\"@type\":\"ListItem\",\"position\":2,\"name\":\"Quartos e Suites\"}]},{\"@type\":\"WebSite\",\"@id\":\"https:\/\/www.realoeiras.realhotelsgroup.com\/pt-pt\/#website\",\"url\":\"https:\/\/www.realoeiras.realhotelsgroup.com\/pt-pt\/\",\"name\":\"Hotel Real Oeiras\",\"description\":\"Just another ms.decms.eu site\",\"potentialAction\":[{\"@type\":\"SearchAction\",\"target\":{\"@type\":\"EntryPoint\",\"urlTemplate\":\"https:\/\/www.realoeiras.realhotelsgroup.com\/pt-pt\/?s={search_term_string}\"},\"query-input\":{\"@type\":\"PropertyValueSpecification\",\"valueRequired\":true,\"valueName\":\"search_term_string\"}}],\"inLanguage\":\"pt-PT\"}]}<\/script>\n<!-- \/ Yoast SEO plugin. -->","yoast_head_json":{"title":"Quartos e Suites - Hotel Real Oeiras","robots":{"index":"index","follow":"follow","max-snippet":"max-snippet:-1","max-image-preview":"max-image-preview:large","max-video-preview":"max-video-preview:-1"},"canonical":"https:\/\/www.realoeiras.realhotelsgroup.com\/pt-pt\/quartos-e-suites\/","og_locale":"pt_PT","og_type":"article","og_title":"Quartos e Suites - Hotel Real Oeiras","og_description":"O Hotel Real Oeiras disp\u00f5e de 97 quartos 3 suites confort\u00e1veis e espa\u00e7osos que lhe oferecem privacidade e seguran\u00e7a. Com um ambiente descontra\u00eddo e acolhedor, todos os quartos est\u00e3o equipados com ar condicionado, wi-fi gratuita, TV por cabo e uma secret\u00e1ria para poder trabalhar confortavelmente. Estes quartos re\u00fanem todas as condi\u00e7\u00f5es para lhe proporcionar uma [&hellip;]","og_url":"https:\/\/www.realoeiras.realhotelsgroup.com\/pt-pt\/quartos-e-suites\/","og_site_name":"Hotel Real Oeiras","article_modified_time":"2021-08-31T11:10:00+00:00","twitter_card":"summary_large_image","schema":{"@context":"https:\/\/schema.org","@graph":[{"@type":"WebPage","@id":"https:\/\/www.realoeiras.realhotelsgroup.com\/pt-pt\/quartos-e-suites\/","url":"https:\/\/www.realoeiras.realhotelsgroup.com\/pt-pt\/quartos-e-suites\/","name":"Quartos e Suites - Hotel Real Oeiras","isPartOf":{"@id":"https:\/\/www.realoeiras.realhotelsgroup.com\/pt-pt\/#website"},"datePublished":"2020-11-10T10:35:28+00:00","dateModified":"2021-08-31T11:10:00+00:00","breadcrumb":{"@id":"https:\/\/www.realoeiras.realhotelsgroup.com\/pt-pt\/quartos-e-suites\/#breadcrumb"},"inLanguage":"pt-PT","potentialAction":[{"@type":"ReadAction","target":["https:\/\/www.realoeiras.realhotelsgroup.com\/pt-pt\/quartos-e-suites\/"]}]},{"@type":"BreadcrumbList","@id":"https:\/\/www.realoeiras.realhotelsgroup.com\/pt-pt\/quartos-e-suites\/#breadcrumb","itemListElement":[{"@type":"ListItem","position":1,"name":"Home","item":"https:\/\/www.realoeiras.realhotelsgroup.com\/pt-pt\/"},{"@type":"ListItem","position":2,"name":"Quartos e Suites"}]},{"@type":"WebSite","@id":"https:\/\/www.realoeiras.realhotelsgroup.com\/pt-pt\/#website","url":"https:\/\/www.realoeiras.realhotelsgroup.com\/pt-pt\/","name":"Hotel Real Oeiras","description":"Just another ms.decms.eu site","potentialAction":[{"@type":"SearchAction","target":{"@type":"EntryPoint","urlTemplate":"https:\/\/www.realoeiras.realhotelsgroup.com\/pt-pt\/?s={search_term_string}"},"query-input":{"@type":"PropertyValueSpecification","valueRequired":true,"valueName":"search_term_string"}}],"inLanguage":"pt-PT"}]}},"acf":[],"_links":{"self":[{"href":"https:\/\/www.realoeiras.realhotelsgroup.com\/pt-pt\/wp-json\/wp\/v2\/pages\/69","targetHints":{"allow":["GET"]}}],"collection":[{"href":"https:\/\/www.realoeiras.realhotelsgroup.com\/pt-pt\/wp-json\/wp\/v2\/pages"}],"about":[{"href":"https:\/\/www.realoeiras.realhotelsgroup.com\/pt-pt\/wp-json\/wp\/v2\/types\/page"}],"author":[{"embeddable":true,"href":"https:\/\/www.realoeiras.realhotelsgroup.com\/pt-pt\/wp-json\/wp\/v2\/users\/36"}],"replies":[{"embeddable":true,"href":"https:\/\/www.realoeiras.realhotelsgroup.com\/pt-pt\/wp-json\/wp\/v2\/comments?post=69"}],"version-history":[{"count":0,"href":"https:\/\/www.realoeiras.realhotelsgroup.com\/pt-pt\/wp-json\/wp\/v2\/pages\/69\/revisions"}],"wp:attachment":[{"href":"https:\/\/www.realoeiras.realhotelsgroup.com\/pt-pt\/wp-json\/wp\/v2\/media?parent=69"}],"curies":[{"name":"wp","href":"https:\/\/api.w.org\/{rel}","templated":true}]}}