{"id":93,"date":"2020-11-10T16:33:55","date_gmt":"2020-11-10T16:33:55","guid":{"rendered":"http:\/\/hotel-real-oeiras.ms.decms.eu\/?page_id=93"},"modified":"2026-04-15T08:50:11","modified_gmt":"2026-04-15T08:50:11","slug":"real-restaurante-bar","status":"publish","type":"page","link":"https:\/\/www.realoeiras.realhotelsgroup.com\/pt-pt\/real-restaurante-bar\/","title":{"rendered":"Real Restaurante-Bar"},"content":{"rendered":"<p>Marcado pela vista para a piscina e espa\u00e7os verdes, o Real Restaurante-Bar \u00e9 um <strong>restaurante em Oeiras<\/strong> onde o convidamos a desfrutar do melhor da <strong>cozinha portuguesa<\/strong>, com a garantia de uma experi\u00eancia \u00fanica de sabores ricos e diversificados.<\/p>\n<p>Inicie o seu dia com um <strong>pequeno-almo\u00e7o<\/strong> ao sabor da melhor pastelaria, padaria e charcutaria.<br \/>\nPara <strong>almo\u00e7ar<\/strong> aceite a sugest\u00e3o do chefe e saboreie um suculento bife de vitela com molho \u00e0 portuguesa. No final de mais um dia de trabalho, para <strong>jantar<\/strong>, aproveite para desfrutar de um petisco tipicamente portugu\u00eas ou de uma refrescante salada junto \u00e0 piscina.<\/p>\n<p>Se quiser apenas descontrair, pe\u00e7a uma <strong>bebida ou um cocktail<\/strong> no nosso <strong>bar<\/strong>.<\/p>\n<p>A perfeita sinergia de sabores e a <strong>qualidade do servi\u00e7o<\/strong> prestado, tornam o Real Restaurante-Bar a op\u00e7\u00e3o ideal para fazer as suas <strong>refei\u00e7\u00f5es <\/strong>em Oeiras.<\/p>\n","protected":false},"excerpt":{"rendered":"<p>Marcado pela vista para a piscina e espa\u00e7os verdes, o Real Restaurante-Bar \u00e9 um restaurante em Oeiras onde o convidamos a desfrutar do melhor da cozinha portuguesa, com a garantia de uma experi\u00eancia \u00fanica de sabores ricos e diversificados. Inicie o seu dia com um pequeno-almo\u00e7o ao sabor da melhor pastelaria, padaria e charcutaria. Para [&hellip;]<\/p>\n","protected":false},"author":36,"featured_media":0,"parent":0,"menu_order":30,"comment_status":"closed","ping_status":"closed","template":"template-restaurant.php","meta":{"footnotes":""},"class_list":["post-93","page","type-page","status-publish","hentry"],"yoast_head":"<!-- This site is optimized with the Yoast SEO plugin v26.9 - https:\/\/yoast.com\/product\/yoast-seo-wordpress\/ -->\n<title>Real Restaurante-Bar - Hotel Real Oeiras<\/title>\n<meta name=\"robots\" content=\"index, follow, max-snippet:-1, max-image-preview:large, max-video-preview:-1\" \/>\n<link rel=\"canonical\" href=\"https:\/\/www.realoeiras.realhotelsgroup.com\/pt-pt\/real-restaurante-bar\/\" \/>\n<meta property=\"og:locale\" content=\"pt_PT\" \/>\n<meta property=\"og:type\" content=\"article\" \/>\n<meta property=\"og:title\" content=\"Real Restaurante-Bar - Hotel Real Oeiras\" \/>\n<meta property=\"og:description\" content=\"Marcado pela vista para a piscina e espa\u00e7os verdes, o Real Restaurante-Bar \u00e9 um restaurante em Oeiras onde o convidamos a desfrutar do melhor da cozinha portuguesa, com a garantia de uma experi\u00eancia \u00fanica de sabores ricos e diversificados. Inicie o seu dia com um pequeno-almo\u00e7o ao sabor da melhor pastelaria, padaria e charcutaria. Para [&hellip;]\" \/>\n<meta property=\"og:url\" content=\"https:\/\/www.realoeiras.realhotelsgroup.com\/pt-pt\/real-restaurante-bar\/\" \/>\n<meta property=\"og:site_name\" content=\"Hotel Real Oeiras\" \/>\n<meta property=\"article:modified_time\" content=\"2026-04-15T08:50:11+00:00\" \/>\n<meta name=\"twitter:card\" content=\"summary_large_image\" \/>\n<meta name=\"twitter:label1\" content=\"Tempo estimado de leitura\" \/>\n\t<meta name=\"twitter:data1\" content=\"1 minuto\" \/>\n<script type=\"application\/ld+json\" class=\"yoast-schema-graph\">{\"@context\":\"https:\/\/schema.org\",\"@graph\":[{\"@type\":\"WebPage\",\"@id\":\"https:\/\/www.realoeiras.realhotelsgroup.com\/pt-pt\/real-restaurante-bar\/\",\"url\":\"https:\/\/www.realoeiras.realhotelsgroup.com\/pt-pt\/real-restaurante-bar\/\",\"name\":\"Real Restaurante-Bar - Hotel Real Oeiras\",\"isPartOf\":{\"@id\":\"https:\/\/www.realoeiras.realhotelsgroup.com\/pt-pt\/#website\"},\"datePublished\":\"2020-11-10T16:33:55+00:00\",\"dateModified\":\"2026-04-15T08:50:11+00:00\",\"breadcrumb\":{\"@id\":\"https:\/\/www.realoeiras.realhotelsgroup.com\/pt-pt\/real-restaurante-bar\/#breadcrumb\"},\"inLanguage\":\"pt-PT\",\"potentialAction\":[{\"@type\":\"ReadAction\",\"target\":[\"https:\/\/www.realoeiras.realhotelsgroup.com\/pt-pt\/real-restaurante-bar\/\"]}]},{\"@type\":\"BreadcrumbList\",\"@id\":\"https:\/\/www.realoeiras.realhotelsgroup.com\/pt-pt\/real-restaurante-bar\/#breadcrumb\",\"itemListElement\":[{\"@type\":\"ListItem\",\"position\":1,\"name\":\"Home\",\"item\":\"https:\/\/www.realoeiras.realhotelsgroup.com\/pt-pt\/\"},{\"@type\":\"ListItem\",\"position\":2,\"name\":\"Real Restaurante-Bar\"}]},{\"@type\":\"WebSite\",\"@id\":\"https:\/\/www.realoeiras.realhotelsgroup.com\/pt-pt\/#website\",\"url\":\"https:\/\/www.realoeiras.realhotelsgroup.com\/pt-pt\/\",\"name\":\"Hotel Real Oeiras\",\"description\":\"Just another ms.decms.eu site\",\"potentialAction\":[{\"@type\":\"SearchAction\",\"target\":{\"@type\":\"EntryPoint\",\"urlTemplate\":\"https:\/\/www.realoeiras.realhotelsgroup.com\/pt-pt\/?s={search_term_string}\"},\"query-input\":{\"@type\":\"PropertyValueSpecification\",\"valueRequired\":true,\"valueName\":\"search_term_string\"}}],\"inLanguage\":\"pt-PT\"}]}<\/script>\n<!-- \/ Yoast SEO plugin. -->","yoast_head_json":{"title":"Real Restaurante-Bar - Hotel Real Oeiras","robots":{"index":"index","follow":"follow","max-snippet":"max-snippet:-1","max-image-preview":"max-image-preview:large","max-video-preview":"max-video-preview:-1"},"canonical":"https:\/\/www.realoeiras.realhotelsgroup.com\/pt-pt\/real-restaurante-bar\/","og_locale":"pt_PT","og_type":"article","og_title":"Real Restaurante-Bar - Hotel Real Oeiras","og_description":"Marcado pela vista para a piscina e espa\u00e7os verdes, o Real Restaurante-Bar \u00e9 um restaurante em Oeiras onde o convidamos a desfrutar do melhor da cozinha portuguesa, com a garantia de uma experi\u00eancia \u00fanica de sabores ricos e diversificados. Inicie o seu dia com um pequeno-almo\u00e7o ao sabor da melhor pastelaria, padaria e charcutaria. Para [&hellip;]","og_url":"https:\/\/www.realoeiras.realhotelsgroup.com\/pt-pt\/real-restaurante-bar\/","og_site_name":"Hotel Real Oeiras","article_modified_time":"2026-04-15T08:50:11+00:00","twitter_card":"summary_large_image","twitter_misc":{"Tempo estimado de leitura":"1 minuto"},"schema":{"@context":"https:\/\/schema.org","@graph":[{"@type":"WebPage","@id":"https:\/\/www.realoeiras.realhotelsgroup.com\/pt-pt\/real-restaurante-bar\/","url":"https:\/\/www.realoeiras.realhotelsgroup.com\/pt-pt\/real-restaurante-bar\/","name":"Real Restaurante-Bar - Hotel Real Oeiras","isPartOf":{"@id":"https:\/\/www.realoeiras.realhotelsgroup.com\/pt-pt\/#website"},"datePublished":"2020-11-10T16:33:55+00:00","dateModified":"2026-04-15T08:50:11+00:00","breadcrumb":{"@id":"https:\/\/www.realoeiras.realhotelsgroup.com\/pt-pt\/real-restaurante-bar\/#breadcrumb"},"inLanguage":"pt-PT","potentialAction":[{"@type":"ReadAction","target":["https:\/\/www.realoeiras.realhotelsgroup.com\/pt-pt\/real-restaurante-bar\/"]}]},{"@type":"BreadcrumbList","@id":"https:\/\/www.realoeiras.realhotelsgroup.com\/pt-pt\/real-restaurante-bar\/#breadcrumb","itemListElement":[{"@type":"ListItem","position":1,"name":"Home","item":"https:\/\/www.realoeiras.realhotelsgroup.com\/pt-pt\/"},{"@type":"ListItem","position":2,"name":"Real Restaurante-Bar"}]},{"@type":"WebSite","@id":"https:\/\/www.realoeiras.realhotelsgroup.com\/pt-pt\/#website","url":"https:\/\/www.realoeiras.realhotelsgroup.com\/pt-pt\/","name":"Hotel Real Oeiras","description":"Just another ms.decms.eu site","potentialAction":[{"@type":"SearchAction","target":{"@type":"EntryPoint","urlTemplate":"https:\/\/www.realoeiras.realhotelsgroup.com\/pt-pt\/?s={search_term_string}"},"query-input":{"@type":"PropertyValueSpecification","valueRequired":true,"valueName":"search_term_string"}}],"inLanguage":"pt-PT"}]}},"acf":[],"_links":{"self":[{"href":"https:\/\/www.realoeiras.realhotelsgroup.com\/pt-pt\/wp-json\/wp\/v2\/pages\/93","targetHints":{"allow":["GET"]}}],"collection":[{"href":"https:\/\/www.realoeiras.realhotelsgroup.com\/pt-pt\/wp-json\/wp\/v2\/pages"}],"about":[{"href":"https:\/\/www.realoeiras.realhotelsgroup.com\/pt-pt\/wp-json\/wp\/v2\/types\/page"}],"author":[{"embeddable":true,"href":"https:\/\/www.realoeiras.realhotelsgroup.com\/pt-pt\/wp-json\/wp\/v2\/users\/36"}],"replies":[{"embeddable":true,"href":"https:\/\/www.realoeiras.realhotelsgroup.com\/pt-pt\/wp-json\/wp\/v2\/comments?post=93"}],"version-history":[{"count":0,"href":"https:\/\/www.realoeiras.realhotelsgroup.com\/pt-pt\/wp-json\/wp\/v2\/pages\/93\/revisions"}],"wp:attachment":[{"href":"https:\/\/www.realoeiras.realhotelsgroup.com\/pt-pt\/wp-json\/wp\/v2\/media?parent=93"}],"curies":[{"name":"wp","href":"https:\/\/api.w.org\/{rel}","templated":true}]}}